{"id":14,"date":"2024-04-03T19:55:23","date_gmt":"2024-04-03T19:55:23","guid":{"rendered":"https:\/\/a8brands.com\/projetos\/estiknovo\/?page_id=14"},"modified":"2024-04-13T13:46:47","modified_gmt":"2024-04-13T13:46:47","slug":"linha-estik","status":"publish","type":"page","link":"https:\/\/www.estik.com.br\/en\/linha-estik\/","title":{"rendered":"Estik Line"},"content":{"rendered":"<div data-elementor-type=\"wp-page\" data-elementor-id=\"14\" class=\"elementor elementor-14\" data-elementor-post-type=\"page\">\n\t\t\t\t<div class=\"elementor-element elementor-element-5e6f01e e-flex e-con-boxed e-con e-parent\" data-id=\"5e6f01e\" data-element_type=\"container\" data-settings=\"{&quot;background_background&quot;:&quot;classic&quot;}\">\n\t\t\t\t\t<div class=\"e-con-inner\">\n\t\t<div class=\"elementor-element elementor-element-40d3ba8 e-con-full e-flex e-con e-child\" data-id=\"40d3ba8\" data-element_type=\"container\">\n\t\t\t\t<div class=\"elementor-element elementor-element-8f53f78 elementor-widget elementor-widget-heading\" data-id=\"8f53f78\" data-element_type=\"widget\" data-widget_type=\"heading.default\">\n\t\t\t\t<div class=\"elementor-widget-container\">\n\t\t\t\t\t<h2 class=\"elementor-heading-title elementor-size-default\">Estik Line<\/h2>\t\t\t\t<\/div>\n\t\t\t\t<\/div>\n\t\t\t\t<\/div>\n\t\t\t\t\t<\/div>\n\t\t\t\t<\/div>\n\t\t<div class=\"elementor-element elementor-element-9beecf3 e-flex e-con-boxed e-con e-parent\" data-id=\"9beecf3\" data-element_type=\"container\">\n\t\t\t\t\t<div class=\"e-con-inner\">\n\t\t\t\t<div class=\"elementor-element elementor-element-2f860d3 elementor-widget elementor-widget-image\" data-id=\"2f860d3\" data-element_type=\"widget\" data-widget_type=\"image.default\">\n\t\t\t\t<div class=\"elementor-widget-container\">\n\t\t\t\t\t\t\t\t\t\t\t\t\t\t\t<img fetchpriority=\"high\" decoding=\"async\" width=\"1400\" height=\"818\" src=\"https:\/\/www.estik.com.br\/wp-content\/uploads\/2024\/04\/iStock-1415168572.jpg\" class=\"attachment-full size-full wp-image-672\" alt=\"\" srcset=\"https:\/\/www.estik.com.br\/wp-content\/uploads\/2024\/04\/iStock-1415168572.jpg 1400w, https:\/\/www.estik.com.br\/wp-content\/uploads\/2024\/04\/iStock-1415168572-300x175.jpg 300w, https:\/\/www.estik.com.br\/wp-content\/uploads\/2024\/04\/iStock-1415168572-1024x598.jpg 1024w, https:\/\/www.estik.com.br\/wp-content\/uploads\/2024\/04\/iStock-1415168572-768x449.jpg 768w, https:\/\/www.estik.com.br\/wp-content\/uploads\/2024\/04\/iStock-1415168572-18x12.jpg 18w\" sizes=\"(max-width: 1400px) 100vw, 1400px\" \/>\t\t\t\t\t\t\t\t\t\t\t\t\t\t\t<\/div>\n\t\t\t\t<\/div>\n\t\t\t\t\t<\/div>\n\t\t\t\t<\/div>\n\t\t<div class=\"elementor-element elementor-element-f95f17e e-flex e-con-boxed e-con e-parent\" data-id=\"f95f17e\" data-element_type=\"container\">\n\t\t\t\t\t<div class=\"e-con-inner\">\n\t\t<div class=\"elementor-element elementor-element-59a4f87 e-con-full e-flex e-con e-child\" data-id=\"59a4f87\" data-element_type=\"container\">\n\t\t\t\t<div class=\"elementor-element elementor-element-5f9cd62 elementor-widget elementor-widget-heading\" data-id=\"5f9cd62\" data-element_type=\"widget\" data-widget_type=\"heading.default\">\n\t\t\t\t<div class=\"elementor-widget-container\">\n\t\t\t\t\t<h2 class=\"elementor-heading-title elementor-size-default\">Stretch Bio Features<\/h2>\t\t\t\t<\/div>\n\t\t\t\t<\/div>\n\t\t\t\t<div class=\"elementor-element elementor-element-7463f90 elementor-drop-cap-yes elementor-drop-cap-view-framed elementor-widget elementor-widget-text-editor\" data-id=\"7463f90\" data-element_type=\"widget\" data-settings=\"{&quot;drop_cap&quot;:&quot;yes&quot;}\" data-widget_type=\"text-editor.default\">\n\t\t\t\t<div class=\"elementor-widget-container\">\n\t\t\t\t\t\t\t\t\t<p>Through additive technology, organic compounds are added to the plastic polymer chain, allowing Estik Bio to become attractive to microorganisms.<\/p><p>\u00a0<\/p>\t\t\t\t\t\t\t\t<\/div>\n\t\t\t\t<\/div>\n\t\t\t\t<div class=\"elementor-element elementor-element-e487417 elementor-widget elementor-widget-text-editor\" data-id=\"e487417\" data-element_type=\"widget\" data-widget_type=\"text-editor.default\">\n\t\t\t\t<div class=\"elementor-widget-container\">\n\t\t\t\t\t\t\t\t\t<p>complete biodegradation. When the film is discarded in an active microbial environment, such as landfills, for example, fungi and bacteria will form decomposition colonies, promoting the biodegradation of this material, which will later be transformed into humus, biogas and water. Official reports, issued by certified laboratories, prove the effectiveness of plastic biodegradation with the incorporation of the EcoOne additive. This can occur, depending on its characteristics, in a period approximately 20 times shorter than in products without the use of the additive. <strong>Ideal for use in various segments:<\/strong> Beverage industry, Pharmaceutical, Food, Home appliances, Logistics and distribution centers, Wholesale networks.<\/p>\t\t\t\t\t\t\t\t<\/div>\n\t\t\t\t<\/div>\n\t\t\t\t<\/div>\n\t\t<div class=\"elementor-element elementor-element-2c24891 e-con-full e-flex e-con e-child\" data-id=\"2c24891\" data-element_type=\"container\">\n\t\t<div class=\"elementor-element elementor-element-8c37a24 e-con-full e-flex e-con e-child\" data-id=\"8c37a24\" data-element_type=\"container\" data-settings=\"{&quot;background_background&quot;:&quot;classic&quot;}\">\n\t\t\t\t<div class=\"elementor-element elementor-element-57278be elementor-widget elementor-widget-heading\" data-id=\"57278be\" data-element_type=\"widget\" data-widget_type=\"heading.default\">\n\t\t\t\t<div class=\"elementor-widget-container\">\n\t\t\t\t\t<h2 class=\"elementor-heading-title elementor-size-default\">Benefits<\/h2>\t\t\t\t<\/div>\n\t\t\t\t<\/div>\n\t\t\t\t<div class=\"elementor-element elementor-element-dd37366 elementor-widget-divider--view-line elementor-widget elementor-widget-divider\" data-id=\"dd37366\" data-element_type=\"widget\" data-widget_type=\"divider.default\">\n\t\t\t\t<div class=\"elementor-widget-container\">\n\t\t\t\t\t\t\t<div class=\"elementor-divider\">\n\t\t\t<span class=\"elementor-divider-separator\">\n\t\t\t\t\t\t<\/span>\n\t\t<\/div>\n\t\t\t\t\t\t<\/div>\n\t\t\t\t<\/div>\n\t\t<div class=\"elementor-element elementor-element-1fc8f7d e-con-full e-flex e-con e-child\" data-id=\"1fc8f7d\" data-element_type=\"container\">\n\t\t\t\t<div class=\"elementor-element elementor-element-3dede37 elementor-widget elementor-widget-heading\" data-id=\"3dede37\" data-element_type=\"widget\" data-widget_type=\"heading.default\">\n\t\t\t\t<div class=\"elementor-widget-container\">\n\t\t\t\t\t<h2 class=\"elementor-heading-title elementor-size-default\">Recyclability<\/h2>\t\t\t\t<\/div>\n\t\t\t\t<\/div>\n\t\t\t\t<div class=\"elementor-element elementor-element-1dc2709 elementor-widget elementor-widget-heading\" data-id=\"1dc2709\" data-element_type=\"widget\" data-widget_type=\"heading.default\">\n\t\t\t\t<div class=\"elementor-widget-container\">\n\t\t\t\t\t<h2 class=\"elementor-heading-title elementor-size-default\">100% Recyclable<\/h2>\t\t\t\t<\/div>\n\t\t\t\t<\/div>\n\t\t\t\t<div class=\"elementor-element elementor-element-b01e3f2 elementor-widget-divider--view-line elementor-widget elementor-widget-divider\" data-id=\"b01e3f2\" data-element_type=\"widget\" data-widget_type=\"divider.default\">\n\t\t\t\t<div class=\"elementor-widget-container\">\n\t\t\t\t\t\t\t<div class=\"elementor-divider\">\n\t\t\t<span class=\"elementor-divider-separator\">\n\t\t\t\t\t\t<\/span>\n\t\t<\/div>\n\t\t\t\t\t\t<\/div>\n\t\t\t\t<\/div>\n\t\t\t\t<\/div>\n\t\t<div class=\"elementor-element elementor-element-efbc50a e-con-full e-flex e-con e-child\" data-id=\"efbc50a\" data-element_type=\"container\">\n\t\t\t\t<div class=\"elementor-element elementor-element-fe3cb7a elementor-widget elementor-widget-heading\" data-id=\"fe3cb7a\" data-element_type=\"widget\" data-widget_type=\"heading.default\">\n\t\t\t\t<div class=\"elementor-widget-container\">\n\t\t\t\t\t<h2 class=\"elementor-heading-title elementor-size-default\">Biodegradation<\/h2>\t\t\t\t<\/div>\n\t\t\t\t<\/div>\n\t\t\t\t<div class=\"elementor-element elementor-element-e60539e elementor-widget elementor-widget-heading\" data-id=\"e60539e\" data-element_type=\"widget\" data-widget_type=\"heading.default\">\n\t\t\t\t<div class=\"elementor-widget-container\">\n\t\t\t\t\t<h2 class=\"elementor-heading-title elementor-size-default\">Do not degrade<\/h2>\t\t\t\t<\/div>\n\t\t\t\t<\/div>\n\t\t\t\t<div class=\"elementor-element elementor-element-2b80122 elementor-widget elementor-widget-heading\" data-id=\"2b80122\" data-element_type=\"widget\" data-widget_type=\"heading.default\">\n\t\t\t\t<div class=\"elementor-widget-container\">\n\t\t\t\t\t<h2 class=\"elementor-heading-title elementor-size-default\">They do not degrade only with temperature and oxygen.<\/h2>\t\t\t\t<\/div>\n\t\t\t\t<\/div>\n\t\t\t\t<div class=\"elementor-element elementor-element-ecf2c7e elementor-widget-divider--view-line elementor-widget elementor-widget-divider\" data-id=\"ecf2c7e\" data-element_type=\"widget\" data-widget_type=\"divider.default\">\n\t\t\t\t<div class=\"elementor-widget-container\">\n\t\t\t\t\t\t\t<div class=\"elementor-divider\">\n\t\t\t<span class=\"elementor-divider-separator\">\n\t\t\t\t\t\t<\/span>\n\t\t<\/div>\n\t\t\t\t\t\t<\/div>\n\t\t\t\t<\/div>\n\t\t\t\t<\/div>\n\t\t<div class=\"elementor-element elementor-element-4261c7f e-con-full e-flex e-con e-child\" data-id=\"4261c7f\" data-element_type=\"container\">\n\t\t\t\t<div class=\"elementor-element elementor-element-a3ca6ae elementor-widget elementor-widget-heading\" data-id=\"a3ca6ae\" data-element_type=\"widget\" data-widget_type=\"heading.default\">\n\t\t\t\t<div class=\"elementor-widget-container\">\n\t\t\t\t\t<h2 class=\"elementor-heading-title elementor-size-default\">Segments<\/h2>\t\t\t\t<\/div>\n\t\t\t\t<\/div>\n\t\t\t\t<div class=\"elementor-element elementor-element-3659efa elementor-widget elementor-widget-heading\" data-id=\"3659efa\" data-element_type=\"widget\" data-widget_type=\"heading.default\">\n\t\t\t\t<div class=\"elementor-widget-container\">\n\t\t\t\t\t<h2 class=\"elementor-heading-title elementor-size-default\">Beverage industry, Pharmaceutical, Food, Home Appliances, Logistics and Distribution Centers, Wholesale Networks.<\/h2>\t\t\t\t<\/div>\n\t\t\t\t<\/div>\n\t\t\t\t<\/div>\n\t\t\t\t<\/div>\n\t\t\t\t<\/div>\n\t\t\t\t\t<\/div>\n\t\t\t\t<\/div>\n\t\t<div class=\"elementor-element elementor-element-eab0151 e-flex e-con-boxed e-con e-parent\" data-id=\"eab0151\" data-element_type=\"container\">\n\t\t\t\t\t<div class=\"e-con-inner\">\n\t\t<div class=\"elementor-element elementor-element-8b6a449 e-con-full e-flex e-con e-child\" data-id=\"8b6a449\" data-element_type=\"container\">\n\t\t\t\t<div class=\"elementor-element elementor-element-9872a8a elementor-widget elementor-widget-image\" data-id=\"9872a8a\" data-element_type=\"widget\" data-widget_type=\"image.default\">\n\t\t\t\t<div class=\"elementor-widget-container\">\n\t\t\t\t\t\t\t\t\t\t\t\t\t\t\t<img decoding=\"async\" width=\"446\" height=\"486\" src=\"https:\/\/www.estik.com.br\/wp-content\/uploads\/2024\/04\/iStock-1299625544.jpg\" class=\"attachment-full size-full wp-image-730\" alt=\"\" srcset=\"https:\/\/www.estik.com.br\/wp-content\/uploads\/2024\/04\/iStock-1299625544.jpg 446w, https:\/\/www.estik.com.br\/wp-content\/uploads\/2024\/04\/iStock-1299625544-275x300.jpg 275w, https:\/\/www.estik.com.br\/wp-content\/uploads\/2024\/04\/iStock-1299625544-11x12.jpg 11w\" sizes=\"(max-width: 446px) 100vw, 446px\" \/>\t\t\t\t\t\t\t\t\t\t\t\t\t\t\t<\/div>\n\t\t\t\t<\/div>\n\t\t\t\t<\/div>\n\t\t<div class=\"elementor-element elementor-element-11404ce e-con-full e-flex e-con e-child\" data-id=\"11404ce\" data-element_type=\"container\">\n\t\t\t\t<div class=\"elementor-element elementor-element-0bb6d30 elementor-widget elementor-widget-image\" data-id=\"0bb6d30\" data-element_type=\"widget\" data-widget_type=\"image.default\">\n\t\t\t\t<div class=\"elementor-widget-container\">\n\t\t\t\t\t\t\t\t\t\t\t\t\t\t\t<img decoding=\"async\" width=\"446\" height=\"486\" src=\"https:\/\/www.estik.com.br\/wp-content\/uploads\/2024\/04\/iStock-823902416.jpg\" class=\"attachment-full size-full wp-image-729\" alt=\"\" srcset=\"https:\/\/www.estik.com.br\/wp-content\/uploads\/2024\/04\/iStock-823902416.jpg 446w, https:\/\/www.estik.com.br\/wp-content\/uploads\/2024\/04\/iStock-823902416-275x300.jpg 275w, https:\/\/www.estik.com.br\/wp-content\/uploads\/2024\/04\/iStock-823902416-11x12.jpg 11w\" sizes=\"(max-width: 446px) 100vw, 446px\" \/>\t\t\t\t\t\t\t\t\t\t\t\t\t\t\t<\/div>\n\t\t\t\t<\/div>\n\t\t\t\t<\/div>\n\t\t<div class=\"elementor-element elementor-element-31b8f75 e-con-full e-flex e-con e-child\" data-id=\"31b8f75\" data-element_type=\"container\">\n\t\t\t\t<div class=\"elementor-element elementor-element-06f01af elementor-widget elementor-widget-image\" data-id=\"06f01af\" data-element_type=\"widget\" data-widget_type=\"image.default\">\n\t\t\t\t<div class=\"elementor-widget-container\">\n\t\t\t\t\t\t\t\t\t\t\t\t\t\t\t<img loading=\"lazy\" decoding=\"async\" width=\"446\" height=\"486\" src=\"https:\/\/www.estik.com.br\/wp-content\/uploads\/2024\/04\/iStock-648248614.jpg\" class=\"attachment-full size-full wp-image-728\" alt=\"\" srcset=\"https:\/\/www.estik.com.br\/wp-content\/uploads\/2024\/04\/iStock-648248614.jpg 446w, https:\/\/www.estik.com.br\/wp-content\/uploads\/2024\/04\/iStock-648248614-275x300.jpg 275w, https:\/\/www.estik.com.br\/wp-content\/uploads\/2024\/04\/iStock-648248614-11x12.jpg 11w\" sizes=\"(max-width: 446px) 100vw, 446px\" \/>\t\t\t\t\t\t\t\t\t\t\t\t\t\t\t<\/div>\n\t\t\t\t<\/div>\n\t\t\t\t<\/div>\n\t\t\t\t\t<\/div>\n\t\t\t\t<\/div>\n\t\t<div class=\"elementor-element elementor-element-02092aa e-flex e-con-boxed e-con e-parent\" data-id=\"02092aa\" data-element_type=\"container\">\n\t\t\t\t\t<div class=\"e-con-inner\">\n\t\t\t\t<div class=\"elementor-element elementor-element-d769bd4 elementor-widget elementor-widget-heading\" data-id=\"d769bd4\" data-element_type=\"widget\" data-widget_type=\"heading.default\">\n\t\t\t\t<div class=\"elementor-widget-container\">\n\t\t\t\t\t<h2 class=\"elementor-heading-title elementor-size-default\">Stretch Bio Features<\/h2>\t\t\t\t<\/div>\n\t\t\t\t<\/div>\n\t\t\t\t<div class=\"elementor-element elementor-element-be66c6c elementor-widget elementor-widget-text-editor\" data-id=\"be66c6c\" data-element_type=\"widget\" data-widget_type=\"text-editor.default\">\n\t\t\t\t<div class=\"elementor-widget-container\">\n\t\t\t\t\t\t\t\t\t<p><strong>Reciclabilidade:<\/strong> Plastic films produced with this additive remain 100% recyclable, maintaining their physical and chemical characteristics. Biodegradation process: They do not degrade only with temperature and oxygen, therefore their biodegradation is different from the Oxy-degradable alternatives on the market.<\/p>\t\t\t\t\t\t\t\t<\/div>\n\t\t\t\t<\/div>\n\t\t\t\t\t<\/div>\n\t\t\t\t<\/div>\n\t\t<div class=\"elementor-element elementor-element-500d26c e-flex e-con-boxed e-con e-parent\" data-id=\"500d26c\" data-element_type=\"container\">\n\t\t\t\t\t<div class=\"e-con-inner\">\n\t\t<div class=\"elementor-element elementor-element-5294ab3 e-con-full e-flex e-con e-child\" data-id=\"5294ab3\" data-element_type=\"container\" data-settings=\"{&quot;background_background&quot;:&quot;classic&quot;}\">\n\t\t<div class=\"elementor-element elementor-element-2b21f7c e-flex e-con-boxed e-con e-child\" data-id=\"2b21f7c\" data-element_type=\"container\">\n\t\t\t\t\t<div class=\"e-con-inner\">\n\t\t<div class=\"elementor-element elementor-element-e9cfc72 e-flex e-con-boxed e-con e-child\" data-id=\"e9cfc72\" data-element_type=\"container\">\n\t\t\t\t\t<div class=\"e-con-inner\">\n\t\t\t\t<div class=\"elementor-element elementor-element-cef0881 elementor-widget elementor-widget-heading\" data-id=\"cef0881\" data-element_type=\"widget\" data-widget_type=\"heading.default\">\n\t\t\t\t<div class=\"elementor-widget-container\">\n\t\t\t\t\t<h2 class=\"elementor-heading-title elementor-size-default\">Request a quote from us.\n<\/h2>\t\t\t\t<\/div>\n\t\t\t\t<\/div>\n\t\t\t\t<div class=\"elementor-element elementor-element-2d26d61 elementor-widget elementor-widget-heading\" data-id=\"2d26d61\" data-element_type=\"widget\" data-widget_type=\"heading.default\">\n\t\t\t\t<div class=\"elementor-widget-container\">\n\t\t\t\t\t<h2 class=\"elementor-heading-title elementor-size-default\">Get in touch by filling out the form.<\/h2>\t\t\t\t<\/div>\n\t\t\t\t<\/div>\n\t\t\t\t\t<\/div>\n\t\t\t\t<\/div>\n\t\t<div class=\"elementor-element elementor-element-671add0 e-con-full e-flex e-con e-child\" data-id=\"671add0\" data-element_type=\"container\">\n\t\t\t\t<div class=\"elementor-element elementor-element-ea610b4 elementor-align-right elementor-mobile-align-center elementor-widget elementor-widget-button\" data-id=\"ea610b4\" data-element_type=\"widget\" data-widget_type=\"button.default\">\n\t\t\t\t<div class=\"elementor-widget-container\">\n\t\t\t\t\t\t\t\t\t<div class=\"elementor-button-wrapper\">\n\t\t\t\t\t<a class=\"elementor-button elementor-button-link elementor-size-sm\" href=\"#\">\n\t\t\t\t\t\t<span class=\"elementor-button-content-wrapper\">\n\t\t\t\t\t\t<span class=\"elementor-button-icon\">\n\t\t\t\t<svg aria-hidden=\"true\" class=\"e-font-icon-svg e-fas-angle-right\" viewbox=\"0 0 256 512\" xmlns=\"http:\/\/www.w3.org\/2000\/svg\"><path d=\"M224.3 273l-136 136c-9.4 9.4-24.6 9.4-33.9 0l-22.6-22.6c-9.4-9.4-9.4-24.6 0-33.9l96.4-96.4-96.4-96.4c-9.4-9.4-9.4-24.6 0-33.9L54.3 103c9.4-9.4 24.6-9.4 33.9 0l136 136c9.5 9.4 9.5 24.6.1 34z\"><\/path><\/svg>\t\t\t<\/span>\n\t\t\t\t\t\t\t\t\t<span class=\"elementor-button-text\">Click here<\/span>\n\t\t\t\t\t<\/span>\n\t\t\t\t\t<\/a>\n\t\t\t\t<\/div>\n\t\t\t\t\t\t\t\t<\/div>\n\t\t\t\t<\/div>\n\t\t\t\t<\/div>\n\t\t\t\t\t<\/div>\n\t\t\t\t<\/div>\n\t\t\t\t<\/div>\n\t\t\t\t\t<\/div>\n\t\t\t\t<\/div>\n\t\t\t\t<\/div>","protected":false},"excerpt":{"rendered":"<p>Linha Estik Caracter\u00edsticas Stretch Bio Atrav\u00e9s da tecnologia de aditivos, compostos org\u00e2nicos s\u00e3o adicionados na cadeia do pol\u00edmero do pl\u00e1stico, permitindo que Estik Bio se torne atrativo para micro-organismos \u00a0 completa biodegrada\u00e7\u00e3o. Quando o filme \u00e9 descartado em um ambiente microbiano ativo, como aterros sanit\u00e1rios, por exemplo, fungos e bact\u00e9rias formar\u00e3o col\u00f4nias de decomposi\u00e7\u00e3o, promovendo [&hellip;]<\/p>","protected":false},"author":1,"featured_media":0,"parent":0,"menu_order":0,"comment_status":"closed","ping_status":"closed","template":"","meta":{"footnotes":""},"class_list":["post-14","page","type-page","status-publish","hentry"],"_links":{"self":[{"href":"https:\/\/www.estik.com.br\/en\/wp-json\/wp\/v2\/pages\/14","targetHints":{"allow":["GET"]}}],"collection":[{"href":"https:\/\/www.estik.com.br\/en\/wp-json\/wp\/v2\/pages"}],"about":[{"href":"https:\/\/www.estik.com.br\/en\/wp-json\/wp\/v2\/types\/page"}],"author":[{"embeddable":true,"href":"https:\/\/www.estik.com.br\/en\/wp-json\/wp\/v2\/users\/1"}],"replies":[{"embeddable":true,"href":"https:\/\/www.estik.com.br\/en\/wp-json\/wp\/v2\/comments?post=14"}],"version-history":[{"count":121,"href":"https:\/\/www.estik.com.br\/en\/wp-json\/wp\/v2\/pages\/14\/revisions"}],"predecessor-version":[{"id":1751,"href":"https:\/\/www.estik.com.br\/en\/wp-json\/wp\/v2\/pages\/14\/revisions\/1751"}],"wp:attachment":[{"href":"https:\/\/www.estik.com.br\/en\/wp-json\/wp\/v2\/media?parent=14"}],"curies":[{"name":"wp","href":"https:\/\/api.w.org\/{rel}","templated":true}]}}