{"id":18,"date":"2024-04-03T19:58:02","date_gmt":"2024-04-03T19:58:02","guid":{"rendered":"https:\/\/a8brands.com\/projetos\/estiknovo\/?page_id=18"},"modified":"2024-06-12T12:09:41","modified_gmt":"2024-06-12T12:09:41","slug":"pesquisa-e-desenvolvimento","status":"publish","type":"page","link":"https:\/\/www.estik.com.br\/es\/pesquisa-e-desenvolvimento\/","title":{"rendered":"Investigaci\u00f3n y Desarrollo"},"content":{"rendered":"<div data-elementor-type=\"wp-page\" data-elementor-id=\"18\" class=\"elementor elementor-18\" data-elementor-post-type=\"page\">\n\t\t\t\t<div class=\"elementor-element elementor-element-14f5448 e-flex e-con-boxed e-con e-parent\" data-id=\"14f5448\" data-element_type=\"container\" data-settings=\"{&quot;background_background&quot;:&quot;classic&quot;}\">\n\t\t\t\t\t<div class=\"e-con-inner\">\n\t\t<div class=\"elementor-element elementor-element-54e58cd e-con-full e-flex e-con e-child\" data-id=\"54e58cd\" data-element_type=\"container\">\n\t\t\t\t<div class=\"elementor-element elementor-element-f3eaeb6 elementor-widget elementor-widget-heading\" data-id=\"f3eaeb6\" data-element_type=\"widget\" data-widget_type=\"heading.default\">\n\t\t\t\t<div class=\"elementor-widget-container\">\n\t\t\t\t\t<h2 class=\"elementor-heading-title elementor-size-default\">Investigaci\u00f3n y Desarrollo<\/h2>\t\t\t\t<\/div>\n\t\t\t\t<\/div>\n\t\t\t\t<\/div>\n\t\t\t\t\t<\/div>\n\t\t\t\t<\/div>\n\t\t<div class=\"elementor-element elementor-element-2e7aea2 e-flex e-con-boxed e-con e-parent\" data-id=\"2e7aea2\" data-element_type=\"container\">\n\t\t\t\t\t<div class=\"e-con-inner\">\n\t\t<div class=\"elementor-element elementor-element-289271e e-con-full e-flex e-con e-child\" data-id=\"289271e\" data-element_type=\"container\">\n\t\t\t\t<div class=\"elementor-element elementor-element-29b73ba elementor-widget elementor-widget-heading\" data-id=\"29b73ba\" data-element_type=\"widget\" data-widget_type=\"heading.default\">\n\t\t\t\t<div class=\"elementor-widget-container\">\n\t\t\t\t\t<h2 class=\"elementor-heading-title elementor-size-default\">Laboratorio Estik<\/h2>\t\t\t\t<\/div>\n\t\t\t\t<\/div>\n\t\t\t\t<div class=\"elementor-element elementor-element-19708bc elementor-widget elementor-widget-text-editor\" data-id=\"19708bc\" data-element_type=\"widget\" data-widget_type=\"text-editor.default\">\n\t\t\t\t<div class=\"elementor-widget-container\">\n\t\t\t\t\t\t\t\t\t<p>Contamos con uno de los laboratorios de investigaci\u00f3n y desarrollo m\u00e1s avanzados, exclusivo para los segmentos de stretch y shrink, compuesto por recursos anal\u00edticos de alta precisi\u00f3n y equipos de \u00faltima generaci\u00f3n.<\/p>\t\t\t\t\t\t\t\t<\/div>\n\t\t\t\t<\/div>\n\t\t\t\t<div class=\"elementor-element elementor-element-4aa06b8 elementor-align-left elementor-mobile-align-center elementor-widget elementor-widget-button\" data-id=\"4aa06b8\" data-element_type=\"widget\" data-widget_type=\"button.default\">\n\t\t\t\t<div class=\"elementor-widget-container\">\n\t\t\t\t\t\t\t\t\t<div class=\"elementor-button-wrapper\">\n\t\t\t\t\t<a class=\"elementor-button elementor-button-link elementor-size-sm\" href=\"https:\/\/www.estik.com.br\/es\/simulador\/\">\n\t\t\t\t\t\t<span class=\"elementor-button-content-wrapper\">\n\t\t\t\t\t\t\t\t\t<span class=\"elementor-button-text\">Simule ahora<\/span>\n\t\t\t\t\t<\/span>\n\t\t\t\t\t<\/a>\n\t\t\t\t<\/div>\n\t\t\t\t\t\t\t\t<\/div>\n\t\t\t\t<\/div>\n\t\t\t\t<\/div>\n\t\t<div class=\"elementor-element elementor-element-b3da336 e-con-full e-flex e-con e-child\" data-id=\"b3da336\" data-element_type=\"container\">\n\t\t\t\t<div class=\"elementor-element elementor-element-7990768 elementor-widget elementor-widget-image\" data-id=\"7990768\" data-element_type=\"widget\" data-widget_type=\"image.default\">\n\t\t\t\t<div class=\"elementor-widget-container\">\n\t\t\t\t\t\t\t\t\t\t\t\t\t\t\t<img fetchpriority=\"high\" decoding=\"async\" width=\"567\" height=\"604\" src=\"https:\/\/www.estik.com.br\/wp-content\/uploads\/2024\/05\/thumb-pesq.png\" class=\"attachment-full size-full wp-image-2118\" alt=\"\" srcset=\"https:\/\/www.estik.com.br\/wp-content\/uploads\/2024\/05\/thumb-pesq.png 567w, https:\/\/www.estik.com.br\/wp-content\/uploads\/2024\/05\/thumb-pesq-282x300.png 282w, https:\/\/www.estik.com.br\/wp-content\/uploads\/2024\/05\/thumb-pesq-11x12.png 11w\" sizes=\"(max-width: 567px) 100vw, 567px\" \/>\t\t\t\t\t\t\t\t\t\t\t\t\t\t\t<\/div>\n\t\t\t\t<\/div>\n\t\t\t\t<\/div>\n\t\t\t\t\t<\/div>\n\t\t\t\t<\/div>\n\t\t<div class=\"elementor-element elementor-element-3341d21 e-flex e-con-boxed e-con e-parent\" data-id=\"3341d21\" data-element_type=\"container\">\n\t\t\t\t\t<div class=\"e-con-inner\">\n\t\t<div class=\"elementor-element elementor-element-3b3094c e-flex e-con-boxed e-con e-child\" data-id=\"3b3094c\" data-element_type=\"container\">\n\t\t\t\t\t<div class=\"e-con-inner\">\n\t\t\t\t<div class=\"elementor-element elementor-element-0188152 elementor-widget elementor-widget-text-editor\" data-id=\"0188152\" data-element_type=\"widget\" data-widget_type=\"text-editor.default\">\n\t\t\t\t<div class=\"elementor-widget-container\">\n\t\t\t\t\t\t\t\t\t<p>Gracias a la moderna m\u00e1quina belga de la marca ESTL, Estik es probado en condiciones reales de uso. De nuestra \u00e1rea de I+D surgen conceptos y tecnolog\u00edas que pueden revolucionar el negocio de nuestros clientes.<\/p>\t\t\t\t\t\t\t\t<\/div>\n\t\t\t\t<\/div>\n\t\t\t\t<div class=\"elementor-element elementor-element-2b8c123 elementor-widget elementor-widget-text-editor\" data-id=\"2b8c123\" data-element_type=\"widget\" data-widget_type=\"text-editor.default\">\n\t\t\t\t<div class=\"elementor-widget-container\">\n\t\t\t\t\t\t\t\t\t<p>Adem\u00e1s, nuestros profesionales cuentan con las mejores cualificaciones del mercado para ofrecer la soluci\u00f3n ideal para su negocio, ya est\u00e9 enfocado en la practicidad, econom\u00eda o rendimento.<\/p>\t\t\t\t\t\t\t\t<\/div>\n\t\t\t\t<\/div>\n\t\t\t\t\t<\/div>\n\t\t\t\t<\/div>\n\t\t\t\t\t<\/div>\n\t\t\t\t<\/div>\n\t\t<div class=\"elementor-element elementor-element-c74a3fe e-flex e-con-boxed e-con e-parent\" data-id=\"c74a3fe\" data-element_type=\"container\" data-settings=\"{&quot;background_background&quot;:&quot;classic&quot;}\">\n\t\t\t\t\t<div class=\"e-con-inner\">\n\t\t<div class=\"elementor-element elementor-element-8dbed93 e-con-full e-flex e-con e-child\" data-id=\"8dbed93\" data-element_type=\"container\">\n\t\t\t\t<div class=\"elementor-element elementor-element-8e09d3f elementor-widget-divider--view-line elementor-widget elementor-widget-divider\" data-id=\"8e09d3f\" data-element_type=\"widget\" data-widget_type=\"divider.default\">\n\t\t\t\t<div class=\"elementor-widget-container\">\n\t\t\t\t\t\t\t<div class=\"elementor-divider\">\n\t\t\t<span class=\"elementor-divider-separator\">\n\t\t\t\t\t\t<\/span>\n\t\t<\/div>\n\t\t\t\t\t\t<\/div>\n\t\t\t\t<\/div>\n\t\t\t\t<div class=\"elementor-element elementor-element-f5c180c elementor-widget elementor-widget-heading\" data-id=\"f5c180c\" data-element_type=\"widget\" data-widget_type=\"heading.default\">\n\t\t\t\t<div class=\"elementor-widget-container\">\n\t\t\t\t\t<h2 class=\"elementor-heading-title elementor-size-default\">\u00a1Descubra el stretch film ideal para su negocio!<\/h2>\t\t\t\t<\/div>\n\t\t\t\t<\/div>\n\t\t\t\t<div class=\"elementor-element elementor-element-3905aa2 elementor-align-left elementor-mobile-align-center elementor-widget elementor-widget-button\" data-id=\"3905aa2\" data-element_type=\"widget\" data-widget_type=\"button.default\">\n\t\t\t\t<div class=\"elementor-widget-container\">\n\t\t\t\t\t\t\t\t\t<div class=\"elementor-button-wrapper\">\n\t\t\t\t\t<a class=\"elementor-button elementor-button-link elementor-size-sm\" href=\"https:\/\/www.estik.com.br\/es\/simulador\/\">\n\t\t\t\t\t\t<span class=\"elementor-button-content-wrapper\">\n\t\t\t\t\t\t\t\t\t<span class=\"elementor-button-text\">Simule ahora<\/span>\n\t\t\t\t\t<\/span>\n\t\t\t\t\t<\/a>\n\t\t\t\t<\/div>\n\t\t\t\t\t\t\t\t<\/div>\n\t\t\t\t<\/div>\n\t\t\t\t<\/div>\n\t\t<div class=\"elementor-element elementor-element-4530e61 e-con-full e-flex e-con e-child\" data-id=\"4530e61\" data-element_type=\"container\">\n\t\t\t\t<\/div>\n\t\t\t\t\t<\/div>\n\t\t\t\t<\/div>\n\t\t<div class=\"elementor-element elementor-element-a8d83c2 e-flex e-con-boxed e-con e-parent\" data-id=\"a8d83c2\" data-element_type=\"container\">\n\t\t\t\t\t<div class=\"e-con-inner\">\n\t\t<div class=\"elementor-element elementor-element-2ed59c8 e-flex e-con-boxed e-con e-child\" data-id=\"2ed59c8\" data-element_type=\"container\">\n\t\t\t\t\t<div class=\"e-con-inner\">\n\t\t\t\t<div class=\"elementor-element elementor-element-606bcaa elementor-widget-divider--view-line elementor-widget elementor-widget-divider\" data-id=\"606bcaa\" data-element_type=\"widget\" data-widget_type=\"divider.default\">\n\t\t\t\t<div class=\"elementor-widget-container\">\n\t\t\t\t\t\t\t<div class=\"elementor-divider\">\n\t\t\t<span class=\"elementor-divider-separator\">\n\t\t\t\t\t\t<\/span>\n\t\t<\/div>\n\t\t\t\t\t\t<\/div>\n\t\t\t\t<\/div>\n\t\t\t\t<div class=\"elementor-element elementor-element-c023c08 elementor-widget elementor-widget-heading\" data-id=\"c023c08\" data-element_type=\"widget\" data-widget_type=\"heading.default\">\n\t\t\t\t<div class=\"elementor-widget-container\">\n\t\t\t\t\t<h2 class=\"elementor-heading-title elementor-size-default\">Noticias y Eventos<\/h2>\t\t\t\t<\/div>\n\t\t\t\t<\/div>\n\t\t\t\t\t<\/div>\n\t\t\t\t<\/div>\n\t\t<div class=\"elementor-element elementor-element-7a08eb2 e-flex e-con-boxed e-con e-child\" data-id=\"7a08eb2\" data-element_type=\"container\">\n\t\t\t\t\t<div class=\"e-con-inner\">\n\t\t\t\t\t<\/div>\n\t\t\t\t<\/div>\n\t\t\t\t\t<\/div>\n\t\t\t\t<\/div>\n\t\t\t\t<\/div>","protected":false},"excerpt":{"rendered":"<p>Pesquisa e Desenvolvimento Laborat\u00f3rio Estik Contamos com um dos mais avan\u00e7ados laborat\u00f3rios de pesquisa e desenvolvimento, exclusivo para os segmentos de stretch e shrink, composto por recursos anal\u00edticos de alta precis\u00e3o e equipamentos de \u00faltima gera\u00e7\u00e3o. Simule agora Gra\u00e7as a moderna m\u00e1quina belga da marca ESTL, o Estik \u00e9 testado em condi\u00e7\u00f5es reais de propriedade. [&hellip;]<\/p>","protected":false},"author":1,"featured_media":0,"parent":0,"menu_order":0,"comment_status":"closed","ping_status":"closed","template":"","meta":{"footnotes":""},"class_list":["post-18","page","type-page","status-publish","hentry"],"_links":{"self":[{"href":"https:\/\/www.estik.com.br\/es\/wp-json\/wp\/v2\/pages\/18","targetHints":{"allow":["GET"]}}],"collection":[{"href":"https:\/\/www.estik.com.br\/es\/wp-json\/wp\/v2\/pages"}],"about":[{"href":"https:\/\/www.estik.com.br\/es\/wp-json\/wp\/v2\/types\/page"}],"author":[{"embeddable":true,"href":"https:\/\/www.estik.com.br\/es\/wp-json\/wp\/v2\/users\/1"}],"replies":[{"embeddable":true,"href":"https:\/\/www.estik.com.br\/es\/wp-json\/wp\/v2\/comments?post=18"}],"version-history":[{"count":73,"href":"https:\/\/www.estik.com.br\/es\/wp-json\/wp\/v2\/pages\/18\/revisions"}],"predecessor-version":[{"id":2337,"href":"https:\/\/www.estik.com.br\/es\/wp-json\/wp\/v2\/pages\/18\/revisions\/2337"}],"wp:attachment":[{"href":"https:\/\/www.estik.com.br\/es\/wp-json\/wp\/v2\/media?parent=18"}],"curies":[{"name":"wp","href":"https:\/\/api.w.org\/{rel}","templated":true}]}}